{"id":1527,"date":"2020-11-30T17:19:47","date_gmt":"2020-11-30T17:19:47","guid":{"rendered":"http:\/\/wicomgroup.es:8008\/grupoleon\/?page_id=1527"},"modified":"2020-12-11T13:14:24","modified_gmt":"2020-12-11T13:14:24","slug":"restaurante-leon-tierra-de-vinos","status":"publish","type":"page","link":"https:\/\/www.grupoleon.es\/en\/restaurante-leon-tierra-de-vinos\/","title":{"rendered":"Restaurante"},"content":{"rendered":"<p>[vc_row full_width=&#8221;stretch_row&#8221; color_set=&#8221;white_section&#8221; el_class=&#8221;txtRestaurante&#8221; css=&#8221;.vc_custom_1605273173172{background-color: #f4f4f4 !important;}&#8221;][vc_column]<div class=\"heading_group_sc wpb_content_element subtitle_bottom    text-center\">\n        <div class=\"background_title\">BUEN PROVECHO<\/div>\n\n\n    <h2>LE\u00d3N RESTAURANTE<\/h2>\n\n\n        <span class=\"subtitle\">COCINA T\u00cdPICA ANDALUZA CON TOQUES DE AUTOR<\/span>\n\n<\/div>[vc_column_text]<\/p>\n<p style=\"text-align: center;\"><strong class=\"grande\">LE\u00d3N RESTAURANTE<\/strong><\/p>\n<p style=\"text-align: center;\">Se encuentra en la Comarca del Condado, a las puertas de El Roc\u00edo, Do\u00f1ana&#8230;<br \/>\nA un paso de Huelva, Sevilla, lugar con profundas y arraigadas ra\u00edces gastron\u00f3micas y culturales.<\/p>\n<p style=\"text-align: center;\">Desde la Palma del Condado, villa antiqu\u00edsima y se\u00f1orial, famosa por sus fiestas, por sus vinos, brandys y licores, abre sus puertas a Le\u00f3n Restaurante, para ofrecerle una cocina t\u00edpica andaluza con toques de autor.<\/p>\n<p style=\"text-align: center;\"><strong class=\"grande\">LE INVITAMOS A NUESTRA CASA.<\/strong><\/p>\n<p style=\"text-align: center;\">Todos los d\u00edas de 7:00h &#8211; 00:00h<br \/>\nContamos con men\u00fas para cualquier celebraci\u00f3n<\/p>\n<p style=\"text-align: center;\"><strong>TEL\u00c9FONOS DE RESERVA: 959 408 008 &#8211; 663 910 088 &#8211; 626 644 403<\/strong><br \/>\nDisponemos de local climatizado y amplia terraza cubierta<\/p>\n<p>[\/vc_column_text][\/vc_column][\/vc_row][vc_row full_width=&#8221;stretch_row_content_no_spaces&#8221; content_placement=&#8221;middle&#8221; row_padding_top=&#8221;padding_top_none&#8221; row_padding_bottom=&#8221;padding_bottom_none&#8221; css=&#8221;.vc_custom_1605273187914{background-color: #ffffff !important;}&#8221;][vc_column width=&#8221;1\/2&#8243; offset=&#8221;vc_col-lg-8 vc_col-md-7&#8243; css=&#8221;.vc_custom_1605272887426{background-image: url(http:\/\/www.grupoleon.es\/wp-content\/uploads\/2020\/11\/restaurante.jpg?id=1326) !important;background-position: center !important;background-repeat: no-repeat !important;background-size: cover !important;}&#8221;][vc_empty_space height=&#8221;300px&#8221;][vc_empty_space height=&#8221;200px&#8221; el_class=&#8221;hidden-xs hidden-sm hidden-md&#8221;][vc_empty_space height=&#8221;100px&#8221; el_class=&#8221;hidden-xs&#8221;][vc_empty_space height=&#8221;100px&#8221; el_class=&#8221;hidden-xs hidden-sm&#8221;][\/vc_column][vc_column width=&#8221;1\/2&#8243; color_set=&#8221;white_section&#8221; align=&#8221;text-left&#8221; boxed=&#8221;boxed_plus&#8221; el_class=&#8221;col-md-pull-1&#8243; offset=&#8221;vc_col-lg-4 vc_col-md-5&#8243; css=&#8221;.vc_custom_1605273218258{background-color: #f4f4f4 !important;}&#8221;]<div class=\"heading_group_sc wpb_content_element subtitle_top    text-left\">\n\n        <span class=\"subtitle\"><\/span>\n\n    <h3>DISFRUTA DE NUESTRA CARTA<\/h3>\n\n\n\n<\/div>[vc_column_text]Nuestros men\u00fas basados en los productos t\u00edpicos de nuestra tierra con un toque de autor, queremos dar el mejor servicio y calidad deseando que los comensales disfruten de una experiencia gastron\u00f3mica inolvidable.[\/vc_column_text]<div class=\"plethora_button wpb_content_element   text-left \">\n    <a href=\"http:\/\/wicomgroup.es:8008\/grupoleon\/wp-content\/uploads\/2020\/11\/Carta-grupo-leon.pdf\" class=\" btn btn-inv btn-default  \" title=\"\"  target=\"_self\">\n\n        \n        Ver carta\n        \n\n    <\/a>\n<\/div>[vc_raw_html]JTVCd29uZGVycGx1Z2luX3BkZiUyMHNyYyUzRCUyMmh0dHBzJTNBJTJGJTJGd3d3LnlvdXJzaXRlLmNvbSUyRnlvdXJmb2xkZXIlMkZ5b3VyZG9jLnBkZiUyMiUyMHdpZHRoJTNEJTIyMTAwJTI1JTIyJTIwaGVpZ2h0JTNEJTIyNjAwcHglMjIlMjBzdHlsZSUzRCUyMmJvcmRlciUzQTAlM0IlMjIlNUQ=[\/vc_raw_html][\/vc_column][\/vc_row][vc_row full_width=&#8221;stretch_row&#8221; color_set=&#8221;white_section&#8221; row_padding_bottom=&#8221;padding_bottom_none&#8221; css=&#8221;.vc_custom_1605273275051{background-color: #f4f4f4 !important;}&#8221;][vc_column]<div class=\"heading_group_sc wpb_content_element subtitle_bottom   vc_custom_1605273403102  text-center\">\n\n\n    <h2>NUESTRAS ESPECIALIDADES<\/h2>\n\n\n        <span class=\"subtitle\">DEGUSTA NUESTROS PLATOS T\u00cdPICOS DE COCINA TRADICIONAL<\/span>\n\n<\/div>[\/vc_column][\/vc_row][vc_row full_width=&#8221;stretch_row&#8221; content_placement=&#8221;middle&#8221; color_set=&#8221;white_section&#8221; row_padding_top=&#8221;padding_top_none&#8221; row_padding_bottom=&#8221;padding_bottom_none&#8221; css=&#8221;.vc_custom_1605275190084{background-color: #f4f4f4 !important;}&#8221; el_class=&#8221;especialidades&#8221;][vc_column width=&#8221;1\/2&#8243; el_class=&#8221;col-sm-push-6 imagen&#8221;][vc_single_image image=&#8221;1340&#8243; img_size=&#8221;large&#8221;][\/vc_column][vc_column width=&#8221;1\/2&#8243; el_class=&#8221;col-sm-pull-6&#8243; css=&#8221;.vc_custom_1605274125165{background-color: #ffffff !important;}&#8221;]<div class=\"heading_group_sc wpb_content_element subtitle_top    text-left\">\n\n        <span class=\"subtitle\"><\/span>\n\n    <h3>SELECCI\u00d3N DE IB\u00c9RICOS<\/h3>\n\n\n\n<\/div>[vc_column_text]Embutidos de raza ib\u00e9rica, alimentados con productos de alta calidad; criados en libertad, comiendo bellotas y piensos seleccionados. El producto ib\u00e9rico se caracteriza por un sabor m\u00e1s aut\u00e9ntico, gracias a su carne de excelente calidad. Usando procesos de elaboraci\u00f3n respetuosos con el producto, su sabor y sus valores nutricionales.[\/vc_column_text]<div class=\"plethora_button wpb_content_element   text-left \">\n    <a href=\"http:\/\/wicomgroup.es:8008\/grupoleon\/wp-content\/uploads\/2020\/11\/Carta-grupo-leon.pdf\" class=\" btn btn-inv btn-default  \" title=\"\"  target=\"_self\">\n\n        \n        Ver raciones\n        \n\n    <\/a>\n<\/div>[\/vc_column][\/vc_row][vc_row full_width=&#8221;stretch_row&#8221; content_placement=&#8221;middle&#8221; color_set=&#8221;white_section&#8221; row_padding_top=&#8221;padding_top_none&#8221; css=&#8221;.vc_custom_1605275195472{background-color: #f4f4f4 !important;}&#8221; el_class=&#8221;especialidades&#8221;][vc_column width=&#8221;1\/2&#8243; el_class=&#8221;imagen&#8221;][vc_single_image image=&#8221;1398&#8243; img_size=&#8221;large&#8221;][\/vc_column][vc_column width=&#8221;1\/2&#8243; css=&#8221;.vc_custom_1605274135594{background-color: #ffffff !important;}&#8221;]<div class=\"heading_group_sc wpb_content_element subtitle_top    text-left\">\n\n        <span class=\"subtitle\"><\/span>\n\n    <h3>COCINA CASERA<\/h3>\n\n\n\n<\/div>[vc_column_text]Nuestros platos est\u00e1 elaborados con productos de primera calidad y caseros, aportando todo el valor nutricional. En estos tiempos en los que la t\u00f3nica social va marcada por un ritmo de vida acelerada, no se tiene tiempo para elaborar una comida equilibra. Por ello nosotros apostamos por una carta que cumpla esos valores a la altura de los paladares m\u00e1s exigentes.[\/vc_column_text]<div class=\"plethora_button wpb_content_element   text-left \">\n    <a href=\"http:\/\/wicomgroup.es:8008\/grupoleon\/wp-content\/uploads\/2020\/11\/Carta-grupo-leon.pdf\" class=\" btn btn-inv btn-default  \" title=\"\"  target=\"_self\">\n\n        \n        Nuestro men\u00fa\n        \n\n    <\/a>\n<\/div>[\/vc_column][\/vc_row][vc_row full_width=&#8221;stretch_row&#8221; color_set=&#8221;black_section&#8221; css=&#8221;.vc_custom_1605275027099{background-image: url(http:\/\/www.grupoleon.es\/wp-content\/uploads\/2020\/11\/bgRestaurante.jpg?id=1346) !important;background-position: center !important;background-repeat: no-repeat !important;background-size: cover !important;}&#8221; el_class=&#8221;reservas&#8221;][vc_column width=&#8221;2\/3&#8243; offset=&#8221;vc_col-sm-offset-2&#8243;]<div class=\"heading_group_sc wpb_content_element subtitle_bottom    text-center\">\n\n\n    <h2>HAGA SU RESERVA,<br \/>\nLE ESPERAMOS<\/h2>\n<div class=\"botonTlfn\"><strong>TEL\u00c9FONO<\/strong><br \/>\n959408008<\/div>\n\n\n        <span class=\"subtitle\"><\/span>\n\n<\/div>[\/vc_column][\/vc_row]<\/p>","protected":false},"excerpt":{"rendered":"<p>[vc_row full_width=&#8221;stretch_row&#8221; color_set=&#8221;white_section&#8221; el_class=&#8221;txtRestaurante&#8221; css=&#8221;.vc_custom_1605273173172{background-color: #f4f4f4 !important;}&#8221;][vc_column][vc_column_text] LE\u00d3N RESTAURANTE Se encuentra en la Comarca del Condado, a las puertas de El Roc\u00edo, Do\u00f1ana&#8230; A un paso de Huelva, Sevilla, lugar con profundas y arraigadas ra\u00edces gastron\u00f3micas y culturales. Desde la Palma del Condado, villa antiqu\u00edsima y se\u00f1orial, famosa por sus fiestas, por sus vinos, brandys [&hellip;]<\/p>\n","protected":false},"author":1,"featured_media":1301,"parent":0,"menu_order":0,"comment_status":"closed","ping_status":"closed","template":"","meta":{"ub_ctt_via":""},"aioseo_notices":[],"featured_image_src":"https:\/\/www.grupoleon.es\/wp-content\/uploads\/2020\/11\/cabRestaurante.jpg","_links":{"self":[{"href":"https:\/\/www.grupoleon.es\/en\/wp-json\/wp\/v2\/pages\/1527"}],"collection":[{"href":"https:\/\/www.grupoleon.es\/en\/wp-json\/wp\/v2\/pages"}],"about":[{"href":"https:\/\/www.grupoleon.es\/en\/wp-json\/wp\/v2\/types\/page"}],"author":[{"embeddable":true,"href":"https:\/\/www.grupoleon.es\/en\/wp-json\/wp\/v2\/users\/1"}],"replies":[{"embeddable":true,"href":"https:\/\/www.grupoleon.es\/en\/wp-json\/wp\/v2\/comments?post=1527"}],"version-history":[{"count":20,"href":"https:\/\/www.grupoleon.es\/en\/wp-json\/wp\/v2\/pages\/1527\/revisions"}],"predecessor-version":[{"id":1764,"href":"https:\/\/www.grupoleon.es\/en\/wp-json\/wp\/v2\/pages\/1527\/revisions\/1764"}],"wp:featuredmedia":[{"embeddable":true,"href":"https:\/\/www.grupoleon.es\/en\/wp-json\/wp\/v2\/media\/1301"}],"wp:attachment":[{"href":"https:\/\/www.grupoleon.es\/en\/wp-json\/wp\/v2\/media?parent=1527"}],"curies":[{"name":"wp","href":"https:\/\/api.w.org\/{rel}","templated":true}]}}